{"id":65,"date":"2025-04-24T18:46:34","date_gmt":"2025-04-24T16:46:34","guid":{"rendered":"https:\/\/vitalitas.cz\/en\/?page_id=65"},"modified":"2025-05-13T09:34:28","modified_gmt":"2025-05-13T07:34:28","slug":"health-insurance-for-foreigners","status":"publish","type":"page","link":"https:\/\/vitalitas.cz\/en\/health-insurance-for-foreigners\/","title":{"rendered":"Health Insurance for Foreigners"},"content":{"rendered":"<section>\n    <div class=\"container-page-overlay\" style=\"background-image: url('\/wp-content\/uploads\/2025\/04\/zdravotni_pojisteni_cizincu-scaled.jpg')\">\n    <\/div>\n<\/section>\n<p class=\"block-hide\">\u00davodn\u00ed obr\u00e1zek<\/p>\n\n\n<div style=\"padding-left:4%;padding-right:4%\" class=\"wp-block-genesis-blocks-gb-container gb-block-container\"><div class=\"gb-container-inside\"><div class=\"gb-container-content\" style=\"max-width:1280px\">\n<div class=\"wp-block-genesis-blocks-gb-container gb-block-container\"><div class=\"gb-container-inside\"><div class=\"gb-container-content\">\n<div style=\"padding-top:4%\" class=\"wp-block-genesis-blocks-gb-container gb-block-container\"><div class=\"gb-container-inside\"><div class=\"gb-container-content\" style=\"max-width:1280px\">\n<h1 class=\"vitalitas-orange bold\">Health Insurance<\/h1>\n<h1 class=\"vitalitas-violet bold\">for Foreigners<\/h1>\n\n\n\n<div style=\"color:#ddd\" class=\"wp-block-genesis-blocks-gb-spacer gb-block-spacer gb-divider-solid gb-divider-size-1\"><hr style=\"height:31px\"\/><\/div>\n\n\n\n<p style=\"max-width: 960px;\">Commercial health insurance for foreigners is a <b>requirement for obtaining a visa<\/b> or residence permit in the Czech Republic. We offer two types of insurance for foreigners: <b>Insurance for necessary and urgent healthcare<\/b> and <b>Comprehensive health insurance<\/b> with a maximum limit of insurance cover 400,000 EUR.<br> Optional Additional Insurance are available: <b>Accident insurance<\/b> (up to CZK 200,000) and <b>liability insurance<\/b>, which protects you in case of damage to the health or property of a third party (max. limit CZK 1,000,000).<br> Insurance can be arranged for children (0\u201318 years), adults (19\u201359 years), seniors (60\u201369 years), or students (15\u201326 years).<\/p>\n\n\n\n<div style=\"color:#ddd\" class=\"wp-block-genesis-blocks-gb-spacer gb-block-spacer gb-divider-solid gb-divider-size-1\"><hr style=\"height:31px\"\/><\/div>\n\n\n\n<h3 class=\"vitalitas-violet light\" style=\"margin-bottom: 1rem;\">Assistance Service<\/h3>\n\n\n\n<p style=\"max-width: 960px;\">The insurance includes assistance services provided by Eurocross Assistance, which are <b>available 24&nbsp;hours a&nbsp;day, 365 days a year<\/b> in English, Czech, Russian, Ukrainian and all other world languages.<\/p>\n\n\n\n<div style=\"color:#ddd\" class=\"wp-block-genesis-blocks-gb-spacer gb-block-spacer gb-divider-solid gb-divider-size-1\"><hr style=\"height:30px\"\/><\/div>\n\n\n\n<div class=\"vitalitas-call-to-action\">\n    <div class=\"vitalitas-text-part\"><span class=\"proxima-light size-36 light vitalitas-white\">Do you need help?<\/span><\/div>\n    <div class=\"vitalitas-button-part\">\n        <a class=\"vitalitas-button\" href=\"mailto:expat@vitalitas.cz\" target=\"\" aria-label=\"Contact\">\n            WRITE TO US        <\/a>\n\n    <\/div>\n<\/div>\n\n<p class=\"block-hide\">Call to action<\/p>\n\n\n<div style=\"color:#ddd\" class=\"wp-block-genesis-blocks-gb-spacer gb-block-spacer gb-divider-solid gb-divider-size-1\"><hr style=\"height:30px\"\/><\/div>\n\n\n\n<h2 class=\"vitalitas-violet light\" style=\"margin-bottom: 1rem;\">Comprehensive Health Insurance for Foreigners<\/h2>\n\n\n\n<ul class=\"wp-block-list\">\n<li>Suitable for\u00a0<strong>stays longer than 90<\/strong>\u00a0<strong>days<\/strong><\/li>\n\n\n\n<li><strong>Insurance covers:<\/strong>&nbsp;necessary examinations required for diagnosis and treatment, necessary treatment and hospitalization, urgent dental treatment, outpatient prescribed medication, repatriation to the home country, preventive check-ups, vaccinations, dispensary care<\/li>\n\n\n\n<li>Maximum limit of insurance cover:&nbsp;<strong>EUR<\/strong>&nbsp;<strong>400,000<\/strong><\/li>\n\n\n\n<li>Insurance also&nbsp;<strong>covers emergency treatment in the Schengen area<\/strong> <strong>with a maximum limit of EUR<\/strong>&nbsp;<strong>60,000 per claim<\/strong><\/li>\n<\/ul>\n\n\n\n<p style=\"max-width: 960px;\">The insurance contract on Comprehensive Health Insurance for Foreigners serves as a document for a&nbsp;stay of&nbsp;longer than 90 days pursuant to Section 180j of Act No. 326\/1999 Coll. on the residency of foreigners in the territory of the Czech Republic, as amended.<\/p>\n\n\n\n<div style=\"color:#ddd\" class=\"wp-block-genesis-blocks-gb-spacer gb-block-spacer gb-divider-solid gb-divider-size-1\"><hr style=\"height:30px\"\/><\/div>\n\n\n\n\n<div class=\"center\">\n    <a class=\"vitalitas-button\" href=\"https:\/\/sjednavani.vitalitas.cz\/vitalitas-internet\/faces\/sjednavani.xhtml?kodPojisteni=ZC&amp;kodProduktu=KZP&amp;kodJazyka=EN&amp;page=1\" target=\"\" aria-label=\"Buy\">\n        BUY ONLINE    <\/a>\n\n<\/div>\n\n<p class=\"block-hide\">Button<\/p>\n\n\n<div style=\"color:#ddd\" class=\"wp-block-genesis-blocks-gb-spacer gb-block-spacer gb-divider-solid gb-divider-size-1\"><hr style=\"height:28px\"\/><\/div>\n\n\n\n<h2 class=\"vitalitas-violet light\" style=\"margin-bottom: 1rem;\">Insurance for Necessary and Urgent Healthcare for Foreigners<\/h2>\n\n\n\n<ul class=\"wp-block-list\">\n<li>Suitable for&nbsp;<strong>short-term visits up to 90<\/strong>&nbsp;<strong>days<\/strong><\/li>\n\n\n\n<li><strong>Insurance covers:<\/strong>&nbsp;necessary examinations required for diagnosis and treatment, necessary treatment and hospitalization, urgent dental treatment, outpatient prescribed medication, repatriation to the home country<\/li>\n\n\n\n<li>Maximum limit of insurance cover:&nbsp;<strong>EUR<\/strong>&nbsp;<strong>60,000<\/strong><\/li>\n\n\n\n<li>Insurance also<strong>&nbsp;covers emergency treatment in the Schengen area<\/strong><\/li>\n<\/ul>\n\n\n\n<p style=\"max-width: 960px;\">The insurance contract on Insurance for Necessary and Urgent Healthcare for Foreigners serves as a&nbsp;document for a&nbsp;stay of up to 90 days according to Act No. 326\/1999 Coll. on the residency of foreigners in the territory of the Czech Republic, as amended.<\/p>\n\n\n\n<div style=\"color:#ddd\" class=\"wp-block-genesis-blocks-gb-spacer gb-block-spacer gb-divider-solid gb-divider-size-1\"><hr style=\"height:28px\"\/><\/div>\n\n\n\n\n<div class=\"center\">\n    <a class=\"vitalitas-button\" href=\"https:\/\/sjednavani.vitalitas.cz\/vitalitas-internet\/faces\/sjednavani.xhtml?kodPojisteni=ZC&amp;kodProduktu=NZP&amp;kodJazyka=EN&amp;page=1\" target=\"\" aria-label=\"Buy\">\n        BUY ONLINE    <\/a>\n\n<\/div>\n\n<p class=\"block-hide\">Button<\/p>\n\n\n<div style=\"color:#ddd\" class=\"wp-block-genesis-blocks-gb-spacer gb-block-spacer gb-divider-solid gb-divider-size-1\"><hr style=\"height:30px\"\/><\/div>\n\n\n\n<div class=\"vitalitas-call-to-action\">\n    <div class=\"vitalitas-text-part\"><span class=\"proxima-light size-36 light vitalitas-white\">Do you need help?<\/span><\/div>\n    <div class=\"vitalitas-button-part\">\n        <a class=\"vitalitas-button\" href=\"mailto:expat@vitalitas.cz\" target=\"\" aria-label=\"contact\">\n            WRITE TO US        <\/a>\n\n    <\/div>\n<\/div>\n\n<p class=\"block-hide\">Call to action<\/p>\n\n\n<div style=\"color:#ddd\" class=\"wp-block-genesis-blocks-gb-spacer gb-block-spacer gb-divider-solid gb-divider-size-1\"><hr style=\"height:31px\"\/><\/div>\n\n\n\n<h4 class=\"vitalitas-violet light\" style=\"margin-bottom: 15px;\">Documents \u2013 Comprehensive Health Insurance for Foreigners<\/h4>\n\n\n\n<div class=\"insurance-document-card-container\">\n    \n    <div class=\"insurance-document-card\">\n        <div class=\"insurance-document-card-content-with-image\">\n            <img decoding=\"async\" src=\"\/wp-content\/uploads\/2025\/04\/Stahnuti.svg\" alt=\"travel\"\n                width=\"51\" height=\"44.438\">\n            <div>\n                <div class=\"insurance-document-card-price\">General Insurance Terms and Conditions<\/div>\n            <\/div>\n        <\/div>\n\n        <div class=\"insurance-document-card-button-container\">\n            <a href=\"\/wp-content\/uploads\/2025\/04\/VPP_KZPC_2024.pdf\" class=\"vitalitas-button\" rel=\"noopener\">\n                OPEN\n            <\/a>\n        <\/div>\n    <\/div>\n\n    <div class=\"insurance-document-card\">\n        <div class=\"insurance-document-card-content-with-image\">\n            <img decoding=\"async\" src=\"\/wp-content\/uploads\/2025\/04\/Stahnuti.svg\" alt=\"travel\"\n                width=\"51\" height=\"44.438\">\n            <div>\n                <div class=\"insurance-document-card-price\">Pre-Contractual Information<\/div>\n            <\/div>\n        <\/div>\n\n        <div class=\"insurance-document-card-button-container\">\n            <a href=\"\/wp-content\/uploads\/2025\/04\/Pre-Contractual_Information_ZPC_2024.pdf\" class=\"vitalitas-button\" rel=\"noopener\">\n                OPEN\n            <\/a>\n        <\/div>\n    <\/div>\n\n    <div class=\"insurance-document-card\">\n        <div class=\"insurance-document-card-content-with-image\">\n            <img decoding=\"async\" src=\"\/wp-content\/uploads\/2025\/04\/Stahnuti.svg\" alt=\"travel\"\n                width=\"51\" height=\"44.438\">\n            <div>\n                <div class=\"insurance-document-card-price\">Insurance Product Information Document<\/div>\n            <\/div>\n        <\/div>\n\n        <div class=\"insurance-document-card-button-container\">\n            <a href=\"\/wp-content\/uploads\/2025\/04\/IPID_KZPC_2024.pdf\" class=\"vitalitas-button\" rel=\"noopener\">\n                OPEN\n            <\/a>\n        <\/div>\n    <\/div>\n\n    <div class=\"insurance-document-card\">\n        <div class=\"insurance-document-card-content-with-image\">\n            <img decoding=\"async\" src=\"\/wp-content\/uploads\/2025\/04\/Stahnuti.svg\" alt=\"travel\"\n                width=\"51\" height=\"44.438\">\n            <div>\n                <div class=\"insurance-document-card-price\">Information on personal data processing<\/div>\n            <\/div>\n        <\/div>\n\n        <div class=\"insurance-document-card-button-container\">\n            <a href=\"\/wp-content\/uploads\/2025\/04\/GDPR_ZPC_2024.pdf\" class=\"vitalitas-button\" rel=\"noopener\">\n                OPEN\n            <\/a>\n        <\/div>\n    <\/div>\n<\/div>\n\n\n\n<div style=\"color:#ddd\" class=\"wp-block-genesis-blocks-gb-spacer gb-block-spacer gb-divider-solid gb-divider-size-1\"><hr style=\"height:31px\"\/><\/div>\n\n\n\n<h4 class=\"vitalitas-violet light\" style=\"margin-bottom: 15px;\">Documents \u2013 Insurance for Necessary and Urgent Healthcare<\/h4>\n\n\n\n<div class=\"insurance-document-card-container\">\n    \n    <div class=\"insurance-document-card\">\n        <div class=\"insurance-document-card-content-with-image\">\n            <img decoding=\"async\" src=\"\/wp-content\/uploads\/2025\/04\/Stahnuti.svg\" alt=\"travel\"\n                width=\"51\" height=\"44.438\">\n            <div>\n                <div class=\"insurance-document-card-price\">General Insurance Terms and Conditions<\/div>\n            <\/div>\n        <\/div>\n\n        <div class=\"insurance-document-card-button-container\">\n            <a href=\"\/wp-content\/uploads\/2025\/04\/VPP_NZPC_2024.pdf\" class=\"vitalitas-button\" rel=\"noopener\">\n                OPEN\n            <\/a>\n        <\/div>\n    <\/div>\n\n    <div class=\"insurance-document-card\">\n        <div class=\"insurance-document-card-content-with-image\">\n            <img decoding=\"async\" src=\"\/wp-content\/uploads\/2025\/04\/Stahnuti.svg\" alt=\"travel\"\n                width=\"51\" height=\"44.438\">\n            <div>\n                <div class=\"insurance-document-card-price\">Pre-Contractual Information<\/div>\n            <\/div>\n        <\/div>\n\n        <div class=\"insurance-document-card-button-container\">\n            <a href=\"\/wp-content\/uploads\/2025\/04\/Pre-Contractual_Information_ZPC_2024.pdf\" class=\"vitalitas-button\" rel=\"noopener\">\n                OPEN\n            <\/a>\n        <\/div>\n    <\/div>\n\n    <div class=\"insurance-document-card\">\n        <div class=\"insurance-document-card-content-with-image\">\n            <img decoding=\"async\" src=\"\/wp-content\/uploads\/2025\/04\/Stahnuti.svg\" alt=\"travel\"\n                width=\"51\" height=\"44.438\">\n            <div>\n                <div class=\"insurance-document-card-price\">Insurance Product Information Document<\/div>\n            <\/div>\n        <\/div>\n\n        <div class=\"insurance-document-card-button-container\">\n            <a href=\"\/wp-content\/uploads\/2025\/04\/IPID_NZPC_2024.pdf\" class=\"vitalitas-button\" rel=\"noopener\">\n                OPEN\n            <\/a>\n        <\/div>\n    <\/div>\n\n    <div class=\"insurance-document-card\">\n        <div class=\"insurance-document-card-content-with-image\">\n            <img decoding=\"async\" src=\"\/wp-content\/uploads\/2025\/04\/Stahnuti.svg\" alt=\"travel\"\n                width=\"51\" height=\"44.438\">\n            <div>\n                <div class=\"insurance-document-card-price\">Information on personal data processing<\/div>\n            <\/div>\n        <\/div>\n\n        <div class=\"insurance-document-card-button-container\">\n            <a href=\"\/wp-content\/uploads\/2025\/04\/GDPR_ZPC_2024.pdf\" class=\"vitalitas-button\" rel=\"noopener\">\n                OPEN\n            <\/a>\n        <\/div>\n    <\/div>\n<\/div>\n\n\n\n<div style=\"color:#ddd\" class=\"wp-block-genesis-blocks-gb-spacer gb-block-spacer gb-divider-solid gb-divider-size-1\"><hr style=\"height:29px\"\/><\/div>\n<\/div><\/div><\/div>\n<\/div><\/div><\/div>\n<\/div><\/div><\/div>\n","protected":false},"excerpt":{"rendered":"","protected":false},"author":1,"featured_media":0,"parent":0,"menu_order":0,"comment_status":"closed","ping_status":"closed","template":"","meta":{"_genesis_hide_title":true,"_genesis_hide_breadcrumbs":false,"_genesis_hide_singular_image":false,"_genesis_hide_footer_widgets":false,"_genesis_custom_body_class":"","_genesis_custom_post_class":"","_genesis_layout":"","footnotes":""},"class_list":{"0":"post-65","1":"page","2":"type-page","3":"status-publish","5":"entry"},"yoast_head":"<!-- This site is optimized with the Yoast SEO plugin v25.2 - https:\/\/yoast.com\/wordpress\/plugins\/seo\/ -->\n<title>Health Insurance for Foreigners | Vitalitas Insurance Company<\/title>\n<meta name=\"description\" content=\"Commercial health insurance for foreigners is a requirement for obtaining a VISA in Czechia. We offer two types of insurance for foreigners.\" \/>\n<meta name=\"robots\" content=\"index, follow, max-snippet:-1, max-image-preview:large, max-video-preview:-1\" \/>\n<link rel=\"canonical\" href=\"https:\/\/vitalitas.cz\/en\/health-insurance-for-foreigners\/\" \/>\n<meta property=\"og:locale\" content=\"en_US\" \/>\n<meta property=\"og:type\" content=\"article\" \/>\n<meta property=\"og:title\" content=\"Health Insurance for Foreigners | Vitalitas Insurance Company\" \/>\n<meta property=\"og:description\" content=\"Commercial health insurance for foreigners is a requirement for obtaining a VISA in Czechia. We offer two types of insurance for foreigners.\" \/>\n<meta property=\"og:url\" content=\"https:\/\/vitalitas.cz\/en\/health-insurance-for-foreigners\/\" \/>\n<meta property=\"og:site_name\" content=\"Vitalitas\" \/>\n<meta property=\"article:modified_time\" content=\"2025-05-13T07:34:28+00:00\" \/>\n<meta name=\"twitter:card\" content=\"summary_large_image\" \/>\n<meta name=\"twitter:label1\" content=\"Est. reading time\" \/>\n\t<meta name=\"twitter:data1\" content=\"4 minutes\" \/>\n<script type=\"application\/ld+json\" class=\"yoast-schema-graph\">{\"@context\":\"https:\/\/schema.org\",\"@graph\":[{\"@type\":\"WebPage\",\"@id\":\"https:\/\/vitalitas.cz\/en\/health-insurance-for-foreigners\/\",\"url\":\"https:\/\/vitalitas.cz\/en\/health-insurance-for-foreigners\/\",\"name\":\"Health Insurance for Foreigners | Vitalitas Insurance Company\",\"isPartOf\":{\"@id\":\"https:\/\/vitalitas.cz\/en\/#website\"},\"datePublished\":\"2025-04-24T16:46:34+00:00\",\"dateModified\":\"2025-05-13T07:34:28+00:00\",\"description\":\"Commercial health insurance for foreigners is a requirement for obtaining a VISA in Czechia. We offer two types of insurance for foreigners.\",\"breadcrumb\":{\"@id\":\"https:\/\/vitalitas.cz\/en\/health-insurance-for-foreigners\/#breadcrumb\"},\"inLanguage\":\"en-US\",\"potentialAction\":[{\"@type\":\"ReadAction\",\"target\":[\"https:\/\/vitalitas.cz\/en\/health-insurance-for-foreigners\/\"]}]},{\"@type\":\"BreadcrumbList\",\"@id\":\"https:\/\/vitalitas.cz\/en\/health-insurance-for-foreigners\/#breadcrumb\",\"itemListElement\":[{\"@type\":\"ListItem\",\"position\":1,\"name\":\"Dom\u016f\",\"item\":\"https:\/\/vitalitas.cz\/en\/\"},{\"@type\":\"ListItem\",\"position\":2,\"name\":\"Health Insurance for Foreigners\"}]},{\"@type\":\"WebSite\",\"@id\":\"https:\/\/vitalitas.cz\/en\/#website\",\"url\":\"https:\/\/vitalitas.cz\/en\/\",\"name\":\"Vitalitas\",\"description\":\"Your Health Insurance\",\"publisher\":{\"@id\":\"https:\/\/vitalitas.cz\/en\/#organization\"},\"potentialAction\":[{\"@type\":\"SearchAction\",\"target\":{\"@type\":\"EntryPoint\",\"urlTemplate\":\"https:\/\/vitalitas.cz\/en\/?s={search_term_string}\"},\"query-input\":{\"@type\":\"PropertyValueSpecification\",\"valueRequired\":true,\"valueName\":\"search_term_string\"}}],\"inLanguage\":\"en-US\"},{\"@type\":\"Organization\",\"@id\":\"https:\/\/vitalitas.cz\/en\/#organization\",\"name\":\"Vitalitas\",\"url\":\"https:\/\/vitalitas.cz\/en\/\",\"logo\":{\"@type\":\"ImageObject\",\"inLanguage\":\"en-US\",\"@id\":\"https:\/\/vitalitas.cz\/en\/#\/schema\/logo\/image\/\",\"url\":\"https:\/\/vitalitas.cz\/en\/wp-content\/uploads\/sites\/2\/2025\/04\/logo-vitalitas-inverz.svg\",\"contentUrl\":\"https:\/\/vitalitas.cz\/en\/wp-content\/uploads\/sites\/2\/2025\/04\/logo-vitalitas-inverz.svg\",\"caption\":\"Vitalitas\"},\"image\":{\"@id\":\"https:\/\/vitalitas.cz\/en\/#\/schema\/logo\/image\/\"}}]}<\/script>\n<!-- \/ Yoast SEO plugin. -->","yoast_head_json":{"title":"Health Insurance for Foreigners | Vitalitas Insurance Company","description":"Commercial health insurance for foreigners is a requirement for obtaining a VISA in Czechia. We offer two types of insurance for foreigners.","robots":{"index":"index","follow":"follow","max-snippet":"max-snippet:-1","max-image-preview":"max-image-preview:large","max-video-preview":"max-video-preview:-1"},"canonical":"https:\/\/vitalitas.cz\/en\/health-insurance-for-foreigners\/","og_locale":"en_US","og_type":"article","og_title":"Health Insurance for Foreigners | Vitalitas Insurance Company","og_description":"Commercial health insurance for foreigners is a requirement for obtaining a VISA in Czechia. We offer two types of insurance for foreigners.","og_url":"https:\/\/vitalitas.cz\/en\/health-insurance-for-foreigners\/","og_site_name":"Vitalitas","article_modified_time":"2025-05-13T07:34:28+00:00","twitter_card":"summary_large_image","twitter_misc":{"Est. reading time":"4 minutes"},"schema":{"@context":"https:\/\/schema.org","@graph":[{"@type":"WebPage","@id":"https:\/\/vitalitas.cz\/en\/health-insurance-for-foreigners\/","url":"https:\/\/vitalitas.cz\/en\/health-insurance-for-foreigners\/","name":"Health Insurance for Foreigners | Vitalitas Insurance Company","isPartOf":{"@id":"https:\/\/vitalitas.cz\/en\/#website"},"datePublished":"2025-04-24T16:46:34+00:00","dateModified":"2025-05-13T07:34:28+00:00","description":"Commercial health insurance for foreigners is a requirement for obtaining a VISA in Czechia. We offer two types of insurance for foreigners.","breadcrumb":{"@id":"https:\/\/vitalitas.cz\/en\/health-insurance-for-foreigners\/#breadcrumb"},"inLanguage":"en-US","potentialAction":[{"@type":"ReadAction","target":["https:\/\/vitalitas.cz\/en\/health-insurance-for-foreigners\/"]}]},{"@type":"BreadcrumbList","@id":"https:\/\/vitalitas.cz\/en\/health-insurance-for-foreigners\/#breadcrumb","itemListElement":[{"@type":"ListItem","position":1,"name":"Dom\u016f","item":"https:\/\/vitalitas.cz\/en\/"},{"@type":"ListItem","position":2,"name":"Health Insurance for Foreigners"}]},{"@type":"WebSite","@id":"https:\/\/vitalitas.cz\/en\/#website","url":"https:\/\/vitalitas.cz\/en\/","name":"Vitalitas","description":"Your Health Insurance","publisher":{"@id":"https:\/\/vitalitas.cz\/en\/#organization"},"potentialAction":[{"@type":"SearchAction","target":{"@type":"EntryPoint","urlTemplate":"https:\/\/vitalitas.cz\/en\/?s={search_term_string}"},"query-input":{"@type":"PropertyValueSpecification","valueRequired":true,"valueName":"search_term_string"}}],"inLanguage":"en-US"},{"@type":"Organization","@id":"https:\/\/vitalitas.cz\/en\/#organization","name":"Vitalitas","url":"https:\/\/vitalitas.cz\/en\/","logo":{"@type":"ImageObject","inLanguage":"en-US","@id":"https:\/\/vitalitas.cz\/en\/#\/schema\/logo\/image\/","url":"https:\/\/vitalitas.cz\/en\/wp-content\/uploads\/sites\/2\/2025\/04\/logo-vitalitas-inverz.svg","contentUrl":"https:\/\/vitalitas.cz\/en\/wp-content\/uploads\/sites\/2\/2025\/04\/logo-vitalitas-inverz.svg","caption":"Vitalitas"},"image":{"@id":"https:\/\/vitalitas.cz\/en\/#\/schema\/logo\/image\/"}}]}},"featured_image_src":null,"featured_image_src_square":null,"_links":{"self":[{"href":"https:\/\/vitalitas.cz\/en\/wp-json\/wp\/v2\/pages\/65","targetHints":{"allow":["GET"]}}],"collection":[{"href":"https:\/\/vitalitas.cz\/en\/wp-json\/wp\/v2\/pages"}],"about":[{"href":"https:\/\/vitalitas.cz\/en\/wp-json\/wp\/v2\/types\/page"}],"author":[{"embeddable":true,"href":"https:\/\/vitalitas.cz\/en\/wp-json\/wp\/v2\/users\/1"}],"replies":[{"embeddable":true,"href":"https:\/\/vitalitas.cz\/en\/wp-json\/wp\/v2\/comments?post=65"}],"version-history":[{"count":32,"href":"https:\/\/vitalitas.cz\/en\/wp-json\/wp\/v2\/pages\/65\/revisions"}],"predecessor-version":[{"id":197,"href":"https:\/\/vitalitas.cz\/en\/wp-json\/wp\/v2\/pages\/65\/revisions\/197"}],"wp:attachment":[{"href":"https:\/\/vitalitas.cz\/en\/wp-json\/wp\/v2\/media?parent=65"}],"curies":[{"name":"wp","href":"https:\/\/api.w.org\/{rel}","templated":true}]}}